{"id":4492,"date":"2017-10-18T09:25:34","date_gmt":"2017-10-18T09:25:34","guid":{"rendered":"http:\/\/medevents.ro\/testimonials\/"},"modified":"2018-02-23T14:34:24","modified_gmt":"2018-02-23T14:34:24","slug":"testimonials","status":"publish","type":"page","link":"https:\/\/medevents.ro\/ro\/testimonials\/","title":{"rendered":"Testimoniale"},"content":{"rendered":"<div class=\"wpb-content-wrapper\"><p>[vc_row full_width=&#8221;stretch_row&#8221; css=&#8221;.vc_custom_1519152299479{padding-top: 50px !important;background-color: #ffffff !important;}&#8221;][vc_column width=&#8221;1\/6&#8243;][vc_single_image image=&#8221;4412&#8243; img_size=&#8221;full&#8221;][\/vc_column][vc_column width=&#8221;5\/6&#8243;][vc_column_text animation_loading=&#8221;no&#8221; animation_loading_effects=&#8221;fade_in&#8221;]<span id=\"testi1\">Prof. Dr. Radu Badea<\/span><br \/>\n<span id=\"testi2\">Pre\u015fedinte SRUMB<\/span><br \/>\nProfesionalism, dinamism, eficien\u021b\u0103. Acestea sunt c\u00e2teva dintre caracteristicile firmei MedEvents. Este un grup de tineri entuzia\u0219ti, foarte buni organizatori, cu o minunat\u0103 capacitate de a fi peste tot, \u00een toate punctele \u201cfierbin\u021bi\u201d ale unei manifest\u0103ri \u0219tiin\u021bifice, f\u0103r\u0103 a fi \u00eens\u0103, b\u0103t\u0103tor la ochi sau deranjant. Dimpotriv\u0103, cu promptitudine, cu rezultate imediate \u0219i foarte bune, care asigur\u0103 bunul mers al evenimentului \u0219i care \u00eei asigur\u0103 succesul. Un eveniment care se organizeaz\u0103 \u00een parteneriat! Pentru c\u0103 MedEvents vine cu solu\u021bii personalizate, fiind \u00een acest fel un adev\u0103rat \u201cproiectant\u201d de manifest\u0103ri \u0219tiin\u021bifice. Ar mai fi de adaugat utilizarea profesional\u0103 a mijloacelor de comunicare actuale care, prin pagini de web atractive, creeaza vizibilitate. In final, certitudinea ca ceea ce s\u2013a convenit se va int\u00e2mpla! Evident, \u00eentr\u2013o lume foarte dinamic\u0103, respectarea conven\u021biilor este esen\u021bial\u0103.[\/vc_column_text][\/vc_column][\/vc_row][vc_row full_width=&#8221;stretch_row&#8221; css=&#8221;.vc_custom_1519152292522{background-color: #ffffff !important;}&#8221;][vc_column width=&#8221;1\/6&#8243;][vc_single_image image=&#8221;4429&#8243; img_size=&#8221;full&#8221;][\/vc_column][vc_column width=&#8221;5\/6&#8243;][vc_column_text animation_loading=&#8221;no&#8221; animation_loading_effects=&#8221;fade_in&#8221;]<span id=\"testi1\">Dan Sebastian D\u00eerzu<\/span><br \/>\n<span id=\"testi2\">Pre\u0219edintele Comitetului de Organizare Congresul Asocia\u021biei Rom\u00e2ne de Anestezie Regional\u0103<\/span><br \/>\n\u00centr-o lume \u00een care supra\u00eenc\u0103rcarea programului personal este o realitate ce face s\u0103 par\u0103 rutina zilnic\u0103 un t\u0103v\u0103lug de sub care este imposibil s\u0103 te desprinzi, organizarea unui eveniment \u0219tiin\u021bific \u0219i educa\u021bional medical de mare amploare poate p\u0103rea imposibil\u0103. \u00cen realitate, este posibil \u0219i chiar u\u0219or, av\u00e2nd al\u0103turi profesioni\u0219tii des\u00e2v\u0103r\u0219i\u021bi din echipa MedEvents. De o eficacitate surprinz\u0103toare \u0219tiu cum s\u0103 transforme o idee \u00eentr-un proiect sustenabil \u0219i apoi \u00eentr-un eveniment de succes. V\u0103 invit s\u0103 descoperi\u021bi bucuria de a avea al\u0103turi o echip\u0103 de prieteni care s\u0103 v\u0103 organizeze evenimentul. Indiferent c\u0103 sunte\u021bi sau nu experimenta\u021bi, ve\u021bi fi surprin\u0219i de ingeniozitatea \u0219i capacitatea manageriala demonstrat\u0103 de fiecare membru al echipei. Pentru ei problemele au solu\u021bii \u00eenainte s\u0103 apar\u0103, nimic nu \u00eei ia prin surprindere, nimic nu este imposibil de realizat. \u201dExcelen\u021ba ca mod de via\u021b\u0103\u201d este al\u0103turi de MedEvents o realitate, iar perfec\u021biunea este o \u021bint\u0103 u\u0219or de atins.[\/vc_column_text][\/vc_column][\/vc_row][vc_row full_width=&#8221;stretch_row&#8221; css=&#8221;.vc_custom_1519152292522{background-color: #ffffff !important;}&#8221;][vc_column width=&#8221;1\/6&#8243;][vc_single_image image=&#8221;4409&#8243; img_size=&#8221;full&#8221;][\/vc_column][vc_column width=&#8221;5\/6&#8243;][vc_column_text animation_loading=&#8221;no&#8221; animation_loading_effects=&#8221;fade_in&#8221;]<span id=\"testi1\">Prof. Dr. Alexandru Georgescu, \u0218ef Lucr\u0103ri Dr. Ileana Matei<\/span><br \/>\n<span id=\"testi2\">2017<\/span><br \/>\nDe-a lungul ultimilor 5 ani de c\u00e2nd cunoa\u0219tem firma MedEvents, colaborarea dintre noi \u00een organizarea a 2 congrese \u0219i a unui simpozion, na\u021bionale cu participare interna\u021bional\u0103, a fost foarte eficient\u0103 \u0219i bazat\u0103 pe respect \u0219i sprijin reciproc.<br \/>\nManagerul firmei, dr. Ionu\u021b Gana, este deosebit de priceput \u0219i g\u0103se\u0219te \u00eentotdeauna solu\u021bia optim\u0103 pentru rezolvarea unei probleme organiza\u021bionale sau a uneia acute aparut\u0103 pe nea\u0219teptate. Este de admirat felul \u00een care \u00ee\u0219i motiveaz\u0103 \u0219i instruie\u0219te colaboratorii, dar \u0219i felul \u00een care a \u0219tiut s\u0103 \u00ee\u0219i aleag\u0103 un personal de \u00eenalt\u0103 calitate.<br \/>\nColaborarea a fost deosebit de reu\u0219it\u0103 cu tot personalul firmei MedEvents, de la \u0219efa serviciului financiar, Geanina Gliga, la Tamara Mure\u0219an \u0219i Mirabela \u0218andor, tinere organizatoare pline de solicitudine \u0219i entuziasm, ca \u0219i la toate celelalte persoane implicate \u00een diferitele aspecte ale elabor\u0103rii \u0219i implement\u0103rii planului de lucru.<br \/>\nAm apreciat foarte mult faptul c\u0103 nu am auzit niciodat\u0103 \u201cNu se poate\u201d de la nici un membru al echipei MedEvents, ci numai \u201cHai s\u0103 vedem cum putem rezolva\u201d, la toate solicit\u0103rile, chiar \u0219i cele mai complexe.<br \/>\nParticipan\u021bii la evenimentele \u0219tiin\u021bifice care au venit din Rom\u00e2nia \u0219i din str\u0103in\u0103tate au fost extrem de mul\u021bumi\u021bi de serviciile oferite, care s-au ridicat la nivelele standardelor interna\u021bionale cu care sunt obi\u0219nui\u021bi.<br \/>\nEchipa MedEvents este t\u00e2n\u0103r\u0103, cu mult elan \u0219i dorin\u021ba real\u0103 de a fi de folos \u0219i \u00ee\u0219i amelioreaz\u0103 constant oferta de servicii asumate, r\u0103spunz\u00e2nd cu succes tuturor provoc\u0103rilor oferite.<br \/>\nCu certitudine, dorim s\u0103 colabor\u0103m \u0219i \u00een viitor cu firma MedEvents la organizarea urm\u0103toarelor manifest\u0103ri \u0219tiin\u021bifice.[\/vc_column_text][\/vc_column][\/vc_row][vc_row full_width=&#8221;stretch_row&#8221; css=&#8221;.vc_custom_1508319599162{background-color: #ffffff !important;}&#8221;][vc_column width=&#8221;1\/6&#8243;][vc_single_image image=&#8221;4409&#8243; img_size=&#8221;full&#8221;][\/vc_column][vc_column width=&#8221;5\/6&#8243;][vc_column_text animation_loading=&#8221;no&#8221; animation_loading_effects=&#8221;fade_in&#8221;]<span id=\"testi1\">Prof. Dr. Dan Lucaciu<\/span><br \/>\n<span id=\"testi2\">Pre\u0219edintele Societ\u0103\u021bii Rom\u00e2ne de Ortopedie \u0219i Traumatologie<\/span><br \/>\nSub imperiul amintirilor deosebite din memoria recent\u0103 a Congresului Societ\u0103\u021bii Rom\u00e2ne de Ortopedie \u0219i Traumatologie, cu aceste g\u00e2nduri v\u0103 scriu c\u00e2teva r\u00e2nduri despre colaborarea mea cu echipa MedEvents. A fost o deosebit\u0103 pl\u0103cere \u00een realizarea organiz\u0103rii acestui eveniment, gra\u021bie priceperii lor am atins toate problemele pe care ni le-am programat de maniera pe care ne-am dorit-o astfel \u00eenc\u00e2t Congresul a avut un deosebit succes. Sper s\u0103 p\u0103strez aceast\u0103 colaborare \u0219i pe viitor, \u00een caz c\u0103 vom organiza \u0219i alte evenimente de alt\u0103 natur\u0103. Eu le mul\u021bumesc \u0219i le doresc noi succese.[\/vc_column_text][\/vc_column][\/vc_row][vc_row full_width=&#8221;stretch_row&#8221; css=&#8221;.vc_custom_1508319624027{background-color: #ffffff !important;}&#8221;][vc_column width=&#8221;1\/6&#8243;][vc_single_image image=&#8221;4411&#8243; img_size=&#8221;full&#8221;][\/vc_column][vc_column width=&#8221;5\/6&#8243;][vc_column_text animation_loading=&#8221;no&#8221; animation_loading_effects=&#8221;fade_in&#8221;]<span id=\"testi1\">\u0218ef de lucr\u0103ri Dr. Mihaela Lup\u0219e<\/span><br \/>\n<span id=\"testi2\">Pre\u0219edintele Conferin\u021bei Na\u021bionale de Boli Infec\u021bioase<\/span><br \/>\nSpitalul Clinic de Boli Infec\u021bioase \u00een colaborare cu UMF \u201dIuliu Ha\u021bieganu\u201d Cluj-Napoca a organizat \u00een cursul anului 2012 dou\u0103 evenimente medicale: Conferin\u021ba Na\u021bional\u0103 de Boli Infec\u021bioase \/ Al II-lea Workshop Rom\u00e2no-Olandez de Boli Infec\u021bioase \u0219i Masa rotund\u0103 \u201dPerspective interdisciplinare \u00een bolile infec\u021bioase\u201d \u00een cadrul Zilelor UMF. Ambele evenimente au fost organizate de firma MedEvents \u0219i s-au bucurat de un larg interes \u00een r\u00e2ndul medicilor \u0219i reziden\u021bilor cu o participare de 200 de medici la conferin\u021b\u0103 \u0219i 80 de medici la masa rotund\u0103, at\u00e2t din specialitatea de boli infec\u021bioase c\u00e2t \u0219i din alte specialit\u0103\u021bi. Angaja\u021bii acestei firme au dat dovad\u0103 de aptitudini deosebite \u0219i de un \u00eenalt profesionalism \u00een organizarea de evenimente \u0219tiin\u021bifice. Modul \u00een care am colaborat \u0219i rezultatul acestei colabor\u0103ri mi-au confirmat valoarea lor ca organizatori, motiv pentru care am organizat \u00eempreun\u0103 \u0219i cel de-al doilea eveniment. Manifest\u0103rile \u0219tiin\u021bifice au fost larg popularizate \u0219i foarte bine organizate. At\u00e2t evenimentele \u0219tiin\u021bifice c\u00e2t \u0219i cele sociale care le-au \u00eenso\u021bit au fost foarte bine apreciate, constituind o referin\u021b\u0103 pentru conferin\u021bele na\u021bionale de boli infec\u021bioase ale anului 2012. Participan\u021bii din Olanda \u0219i Belgia au fost mul\u021bumi\u021bi de organizarea \u0219tiin\u021bific\u0103 a conferin\u021bei \u0219i de condi\u021biile de cazare \u0219i mas\u0103 care le-au fost oferite. Firma MedEvents s-a ocupat at\u00e2t de organizare c\u00e2t \u0219i de tip\u0103rirea materialelor de promovare \u0219i informare precum \u0219i a celor \u0219tiin\u021bifice, toate fiind de cea mai bun\u0103 calitate. Colaborarea cu firma MedEvents a fost una fructuoas\u0103 \u0219i o recomand cu \u00eencredere \u0219i c\u0103ldur\u0103 oric\u0103rei societ\u0103\u021bi care inten\u021bioneaz\u0103 s\u0103 organizeze un eveniment medical. Organizarea acestuia de c\u0103tre firma MedEvents \u00eei va asigura succesul.[\/vc_column_text][\/vc_column][\/vc_row][vc_row][vc_column][vc_empty_space height=&#8221;30px&#8221;][\/vc_column][\/vc_row]<\/p>\n<\/div>","protected":false},"excerpt":{"rendered":"<p>[vc_row full_width=&#8221;stretch_row&#8221; css=&#8221;.vc_custom_1519152299479{padding-top: 50px !important;background-color: #ffffff !important;}&#8221;][vc_column width=&#8221;1\/6&#8243;][vc_single_image image=&#8221;4412&#8243; img_size=&#8221;full&#8221;][\/vc_column][vc_column width=&#8221;5\/6&#8243;][vc_column_text animation_loading=&#8221;no&#8221; animation_loading_effects=&#8221;fade_in&#8221;]Prof. Dr. Radu Badea Pre\u015fedinte SRUMB Profesionalism, dinamism, eficien\u021b\u0103. Acestea sunt c\u00e2teva dintre caracteristicile firmei MedEvents. Este un grup de tineri entuzia\u0219ti, foarte buni organizatori, cu o minunat\u0103 capacitate de a fi peste tot, \u00een toate punctele \u201cfierbin\u021bi\u201d ale unei manifest\u0103ri \u0219tiin\u021bifice, f\u0103r\u0103 [&#8230;]<\/p>\n<p><a class=\"btn btn-default vslmd-read-more-link\" href=\"https:\/\/medevents.ro\/ro\/testimonials\/\">Cite\u0219te mai mult<\/a><\/p>\n","protected":false},"author":1,"featured_media":0,"parent":0,"menu_order":0,"comment_status":"closed","ping_status":"open","template":"","meta":{"_bbp_topic_count":0,"_bbp_reply_count":0,"_bbp_total_topic_count":0,"_bbp_total_reply_count":0,"_bbp_voice_count":0,"_bbp_anonymous_reply_count":0,"_bbp_topic_count_hidden":0,"_bbp_reply_count_hidden":0,"_bbp_forum_subforum_count":0,"footnotes":""},"class_list":["post-4492","page","type-page","status-publish","hentry"],"_links":{"self":[{"href":"https:\/\/medevents.ro\/ro\/wp-json\/wp\/v2\/pages\/4492","targetHints":{"allow":["GET"]}}],"collection":[{"href":"https:\/\/medevents.ro\/ro\/wp-json\/wp\/v2\/pages"}],"about":[{"href":"https:\/\/medevents.ro\/ro\/wp-json\/wp\/v2\/types\/page"}],"author":[{"embeddable":true,"href":"https:\/\/medevents.ro\/ro\/wp-json\/wp\/v2\/users\/1"}],"replies":[{"embeddable":true,"href":"https:\/\/medevents.ro\/ro\/wp-json\/wp\/v2\/comments?post=4492"}],"version-history":[{"count":1,"href":"https:\/\/medevents.ro\/ro\/wp-json\/wp\/v2\/pages\/4492\/revisions"}],"predecessor-version":[{"id":6427,"href":"https:\/\/medevents.ro\/ro\/wp-json\/wp\/v2\/pages\/4492\/revisions\/6427"}],"wp:attachment":[{"href":"https:\/\/medevents.ro\/ro\/wp-json\/wp\/v2\/media?parent=4492"}],"curies":[{"name":"wp","href":"https:\/\/api.w.org\/{rel}","templated":true}]}}