{"id":4508,"date":"2017-10-19T13:12:10","date_gmt":"2017-10-19T13:12:10","guid":{"rendered":"http:\/\/medevents.ro\/?page_id=4508"},"modified":"2024-05-28T08:24:38","modified_gmt":"2024-05-28T08:24:38","slug":"about-us","status":"publish","type":"page","link":"https:\/\/medevents.ro\/ro\/about-us\/","title":{"rendered":"Despre noi"},"content":{"rendered":"<div class=\"wpb-content-wrapper\"><p>[vc_row full_width=&#8221;stretch_row&#8221; css=&#8221;.vc_custom_1508419116169{padding-top: 50px !important;background-color: #ffffff !important;}&#8221;][vc_column width=&#8221;1\/2&#8243;][vc_custom_heading text=&#8221;Crearea de evenimente memorabile, f\u0103c\u00e2nd lucrurile s\u0103 se mi\u0219te&#8221; font_container=&#8221;tag:h1|font_size:40|text_align:center|color:%2306adb3&#8243; google_fonts=&#8221;font_family:Crete%20Round%3Aregular%2Citalic|font_style:400%20regular%3A400%3Anormal&#8221; css=&#8221;.vc_custom_1716884059886{padding-bottom: 30px !important;}&#8221;][vc_column_text animation_loading=&#8221;no&#8221; animation_loading_effects=&#8221;fade_in&#8221; css=&#8221;.vc_custom_1716884186169{margin-top: -20px !important;}&#8221;]<strong><em>MedEvents<\/em><\/strong> s-a lansat pe pia\u021ba organiz\u0103rii de evenimente profesionale dup\u0103 o experien\u021b\u0103 solid\u0103 de reprezentare \u00een mediul academic \u0219i ne-am dezvoltat treptat atr\u0103g\u00e2nd profesioni\u0219ti din domeniul organiz\u0103rii de evenimente. Am \u00een\u021beles cum func\u021bioneaz\u0103 sistemul universitar din Rom\u00e2nia \u0219i am decis s\u0103 ne implic\u0103m activ \u00een dezvoltarea lui. Proiectul nostru a pornit, a\u0219adar, dintr-o nevoie real\u0103: aceea de a contribui \u2013 prin organizarea de evenimente \u2013 la plasarea cercet\u0103rii \u0219i practicii medicale rom\u00e2ne\u0219ti pe harta european\u0103 a domeniului.[\/vc_column_text][vc_single_image image=&#8221;6252&#8243; img_size=&#8221;large&#8221;][\/vc_column][vc_column width=&#8221;1\/2&#8243;][vc_single_image image=&#8221;6262&#8243; img_size=&#8221;large&#8221;][vc_column_text animation_loading=&#8221;no&#8221; animation_loading_effects=&#8221;fade_in&#8221; css=&#8221;.vc_custom_1716884196470{margin-top: -20px !important;}&#8221;]Av\u00e2nd o echip\u0103 t\u00e2n\u0103r\u0103, dinamic\u0103 \u0219i dedicat\u0103, al\u0103turi de profesori, cercet\u0103tori, antreprenori \u00eencerc\u0103m s\u0103 ducem lucrurile la un alt nivel, s\u0103 facem diferen\u021ba.<\/p>\n<p><em><strong>MedEvents<\/strong><\/em> este mai mult dec\u00e2t un mediator logistic \u00een organizarea unor evenimente de profil. De\u021binem o expertiz\u0103 complex\u0103, cunosc\u00e2nd din interior mediile academice \u0219i profesionale cu care interac\u021bion\u0103m \u0219i c\u0103rora le oferim servicii de cea mai \u00eenalt\u0103 calitate.<\/p>\n<p>Am dezvoltat un departament solid de consultan\u021b\u0103. Ne implic\u0103m \u00een cele mai relevante proiecte de pe pia\u021b\u0103, oferind un cadru conceptual foarte eficient \u0219i solu\u021bii creative, competitive.<\/p>\n<p>Consider\u0103m c\u0103 \u2013 at\u00e2t \u00een via\u021b\u0103, c\u00e2t \u0219i \u00een afaceri \u2013 \u00eencrederea se poate pierde o singur\u0103 dat\u0103. De aceea, ne construim prestigiul prin respectul fa\u021b\u0103 de resursele partenerilor, prin munc\u0103 intens\u0103, prin profesionalismul nostru.[\/vc_column_text][\/vc_column][\/vc_row][vc_row full_width=&#8221;stretch_row_content_no_spaces&#8221; css=&#8221;.vc_custom_1508419226143{margin-top: -10px !important;}&#8221;][vc_column][vc_separator color=&#8221;custom&#8221; accent_color=&#8221;#e4e4e4&#8243;][\/vc_column][\/vc_row][vc_row css=&#8221;.vc_custom_1519151703395{margin-top: -20px !important;margin-bottom: -40px !important;background-color: #ffffff !important;}&#8221;][vc_column][vc_column_text css=&#8221;.vc_custom_1516804659969{margin-top: -30px !important;}&#8221;]<\/p>\n<h1 style=\"text-align: left;\"><span style=\"color: #0ebec4;\"><strong>Strategia noastr\u0103<\/strong><\/span><\/h1>\n<p>[\/vc_column_text][vc_row_inner][vc_column_inner width=&#8221;1\/3&#8243;]<div id=\"ultimate-heading-772469fdbeffadc21\" class=\"uvc-heading ult-adjust-bottom-margin ultimate-heading-772469fdbeffadc21 uvc-7677 \" data-hspacer=\"no_spacer\"  data-halign=\"center\" style=\"text-align:center\"><div class=\"uvc-heading-spacer no_spacer\" style=\"top\"><\/div><div class=\"uvc-sub-heading ult-responsive\"  data-ultimate-target='.uvc-heading.ultimate-heading-772469fdbeffadc21 .uvc-sub-heading '  data-responsive-json-new='{\"font-size\":\"\",\"line-height\":\"\"}'  style=\"font-weight:normal;\"><\/p>\n<h3><strong>\u00a0EFICIEN\u021a\u0102<\/strong><\/h3>\n<p><\/div><\/div><div id=\"highlight-box-wrap-6333\"  data-ultimate-target='#highlight-box-wrap-6333'  data-responsive-json-new='{\"font-size\":\"desktop:32px;\",\"line-height\":\"\"}'  class=\"ultimate-call-to-action ult-adjust-bottom-margin  ctaction-text-center ult-responsive\" style=\"font-weight:normal;color:#ffffff;background:#0db1b3;padding-top:20px;padding-bottom:20px;padding-left:15px;padding-right:15px;\"  data-background=\"#0db1b3\"  data-background-hover=\"#0db1b3\"  data-override=\"0\" ><div class=\"uvc-ctaction-data uvc-ctaction-data-no-effect ult-responsive\"><\/p>\n<blockquote>\n<p style=\"text-align: left;\">Gestion\u0103m resursele astfel \u00eenc\u00e2t standardele s\u0103 fie \u00eenalte, iar costurile optimizate. \u00cencadrarea \u00een timpul \u0219i bugetul partenerilor no\u0219tri constituie pentru noi o prioritate, nu doar o oportunitate.<\/p>\n<\/blockquote>\n<p><\/div><\/div>[\/vc_column_inner][vc_column_inner width=&#8221;1\/3&#8243;]<div id=\"ultimate-heading-169969fdbeffadc73\" class=\"uvc-heading ult-adjust-bottom-margin ultimate-heading-169969fdbeffadc73 uvc-1082 \" data-hspacer=\"no_spacer\"  data-halign=\"center\" style=\"text-align:center\"><div class=\"uvc-heading-spacer no_spacer\" style=\"top\"><\/div><div class=\"uvc-sub-heading ult-responsive\"  data-ultimate-target='.uvc-heading.ultimate-heading-169969fdbeffadc73 .uvc-sub-heading '  data-responsive-json-new='{\"font-size\":\"\",\"line-height\":\"\"}'  style=\"font-weight:normal;\"><\/p>\n<h3><strong>CREATIVITATE<\/strong><\/h3>\n<p><\/div><\/div><div id=\"highlight-box-wrap-9185\"  data-ultimate-target='#highlight-box-wrap-9185'  data-responsive-json-new='{\"font-size\":\"desktop:32px;\",\"line-height\":\"\"}'  class=\"ultimate-call-to-action ult-adjust-bottom-margin  ctaction-text-center ult-responsive\" style=\"font-weight:normal;color:#ffffff;background:#0db1b3;padding-top:20px;padding-bottom:20px;padding-left:15px;padding-right:15px;\"  data-background=\"#0db1b3\"  data-background-hover=\"#0db1b3\"  data-override=\"0\" ><div class=\"uvc-ctaction-data uvc-ctaction-data-no-effect ult-responsive\"><\/p>\n<blockquote>\n<p style=\"text-align: left;\">G\u0103sim solu\u021bii inovative, g\u00e2ndim integrat, experiment\u0103m modele inedite de cultur\u0103 organiza\u021bional\u0103, ne preocup\u0103 intens s\u0103 r\u0103spundem provoc\u0103rilor, avem capacitatea s\u0103 oferim posibilit\u0103\u021bi alternative evenimentelor standard.<\/p>\n<\/blockquote>\n<p><\/div><\/div>[\/vc_column_inner][vc_column_inner width=&#8221;1\/3&#8243;]<div id=\"ultimate-heading-451369fdbeffadca1\" class=\"uvc-heading ult-adjust-bottom-margin ultimate-heading-451369fdbeffadca1 uvc-3401 \" data-hspacer=\"no_spacer\"  data-halign=\"center\" style=\"text-align:center\"><div class=\"uvc-heading-spacer no_spacer\" style=\"top\"><\/div><div class=\"uvc-sub-heading ult-responsive\"  data-ultimate-target='.uvc-heading.ultimate-heading-451369fdbeffadca1 .uvc-sub-heading '  data-responsive-json-new='{\"font-size\":\"\",\"line-height\":\"\"}'  style=\"font-weight:normal;\"><\/p>\n<h3><strong>\u00a0EXCELEN\u021a\u0102<\/strong><\/h3>\n<p><\/div><\/div><div id=\"highlight-box-wrap-8020\"  data-ultimate-target='#highlight-box-wrap-8020'  data-responsive-json-new='{\"font-size\":\"desktop:32px;\",\"line-height\":\"\"}'  class=\"ultimate-call-to-action ult-adjust-bottom-margin  ctaction-text-center ult-responsive\" style=\"font-weight:normal;color:#ffffff;background:#0db1b3;padding-top:20px;padding-bottom:20px;padding-left:15px;padding-right:15px;\"  data-background=\"#0db1b3\"  data-background-hover=\"#0db1b3\"  data-override=\"0\" ><div class=\"uvc-ctaction-data uvc-ctaction-data-no-effect ult-responsive\"><\/p>\n<blockquote>\n<p style=\"text-align: left;\">Ne distingem prin calificare, tenacitate \u0219i disponibilitate, prin ceea ce facem \u00een mod repetat. Pentru noi, excelen\u021ba nu este doar un slogan, ci un obicei.<\/p>\n<\/blockquote>\n<p><\/div><\/div>[\/vc_column_inner][\/vc_row_inner][\/vc_column][\/vc_row][vc_row full_width=&#8221;stretch_row_content_no_spaces&#8221; css=&#8221;.vc_custom_1519151714350{margin-top: -10px !important;}&#8221; el_class=&#8221;hidemefornow&#8221;][vc_column][vc_separator color=&#8221;custom&#8221; accent_color=&#8221;#e4e4e4&#8243;][\/vc_column][\/vc_row][vc_row css=&#8221;.vc_custom_1519151590586{margin-top: -20px !important;margin-bottom: 0px !important;padding-bottom: 50px !important;background-color: #ffffff !important;}&#8221; el_class=&#8221;hidemefornow&#8221;][vc_column][vc_column_text]<\/p>\n<p style=\"text-align: center;\"><strong><span style=\"color: #0ebec4;\">ECHIPA NOASTR\u0102<\/span><\/strong><\/p>\n<p>[\/vc_column_text][vc_column_text css=&#8221;.vc_custom_1517846510477{margin-top: -30px !important;}&#8221;]<\/p>\n<h1 style=\"text-align: center;\"><strong>\u00cempreun\u0103 form\u0103m MedEvents<\/strong><\/h1>\n<p>[\/vc_column_text][vc_row_inner css=&#8221;.vc_custom_1507387540660{margin-top: -30px !important;}&#8221;][vc_column_inner width=&#8221;1\/6&#8243;][\/vc_column_inner][vc_column_inner width=&#8221;4\/6&#8243;][vc_column_text el_class=&#8221;sp14&#8243;]<\/p>\n<p style=\"text-align: center;\"><span style=\"color: #969696;\">Lucr\u0103m \u00eentr-o echip\u0103 unit\u0103, divers\u0103 \u0219i eficient\u0103. Standardele noastre produc satisfac\u021bie, induc echilibru \u0219i asigur\u0103 impact.<\/span><\/p>\n<p>[\/vc_column_text][\/vc_column_inner][vc_column_inner width=&#8221;1\/6&#8243;][\/vc_column_inner][\/vc_row_inner][vc_row_inner css=&#8221;.vc_custom_1508333398055{margin-top: -30px !important;}&#8221;][vc_column_inner width=&#8221;1\/3&#8243;][vc_single_image image=&#8221;4526&#8243; img_size=&#8221;full&#8221;][vc_column_text el_class=&#8221;echipa1&#8243;]Prenume Nume[\/vc_column_text][vc_column_text el_class=&#8221;echipa2&#8243; css=&#8221;.vc_custom_1508424230693{margin-top: -30px !important;}&#8221;]Lorem Ipsum[\/vc_column_text][vc_column_text el_class=&#8221;echipa3&#8243; css=&#8221;.vc_custom_1508424238402{margin-top: -30px !important;}&#8221;]Lorem ipsum dolor sit amet, consectetur adipisicing sed do eiusmod tempor incididunt ut labore et magna aliqua ut enim ad minim veniam quis nostrud.[\/vc_column_text][\/vc_column_inner][vc_column_inner width=&#8221;1\/3&#8243;][vc_single_image image=&#8221;4527&#8243; img_size=&#8221;full&#8221;][vc_column_text el_class=&#8221;echipa1&#8243;]Prenume Nume[\/vc_column_text][vc_column_text el_class=&#8221;echipa2&#8243; css=&#8221;.vc_custom_1508424230693{margin-top: -30px !important;}&#8221;]Lorem Ipsum[\/vc_column_text][vc_column_text el_class=&#8221;echipa3&#8243; css=&#8221;.vc_custom_1508424238402{margin-top: -30px !important;}&#8221;]Lorem ipsum dolor sit amet, consectetur adipisicing sed do eiusmod tempor incididunt ut labore et magna aliqua ut enim ad minim veniam quis nostrud.[\/vc_column_text][\/vc_column_inner][vc_column_inner width=&#8221;1\/3&#8243;][vc_single_image image=&#8221;4528&#8243; img_size=&#8221;full&#8221;][vc_column_text el_class=&#8221;echipa1&#8243;]Prenume Nume[\/vc_column_text][vc_column_text el_class=&#8221;echipa2&#8243; css=&#8221;.vc_custom_1508424230693{margin-top: -30px !important;}&#8221;]Lorem Ipsum[\/vc_column_text][vc_column_text el_class=&#8221;echipa3&#8243; css=&#8221;.vc_custom_1508424238402{margin-top: -30px !important;}&#8221;]Lorem ipsum dolor sit amet, consectetur adipisicing sed do eiusmod tempor incididunt ut labore et magna aliqua ut enim ad minim veniam quis nostrud.[\/vc_column_text][\/vc_column_inner][\/vc_row_inner][vc_btn title=&#8221;AL\u0102TUR\u0102-TE ECHIPEI&#8221; style=&#8221;custom&#8221; custom_background=&#8221;#01bac1&#8243; custom_text=&#8221;#ffffff&#8221; shape=&#8221;round&#8221; align=&#8221;center&#8221; link=&#8221;url:%23|||&#8221; css=&#8221;.vc_custom_1508498955156{margin-top: 20px !important;}&#8221;][\/vc_column][\/vc_row][vc_row full_width=&#8221;stretch_row_content_no_spaces&#8221; css=&#8221;.vc_custom_1519151599287{background-image: url(http:\/\/medevents.ro\/wp-content\/uploads\/2017\/10\/testi.jpg?id=4355) !important;}&#8221; el_class=&#8221;hidemefornow&#8221;][vc_column][vc_empty_space][ve_testimonial_container][ve_testimonial_section photo=&#8221;4527&#8243; title=&#8221;Dr. Ionu\u021b Gana&#8221; occupation=&#8221;Manager&#8221;]Una din satisfac\u021biile cele mai mari aduse de proiectul MedEvents este reac\u021bia neschimbat\u0103 a clientului: doi pa\u0219i \u00eenapoi \u0219i mimica surprizei.[\/ve_testimonial_section][\/ve_testimonial_container][vc_empty_space][\/vc_column][\/vc_row]<\/p>\n<\/div>","protected":false},"excerpt":{"rendered":"<p>[vc_row full_width=&#8221;stretch_row&#8221; css=&#8221;.vc_custom_1508419116169{padding-top: 50px !important;background-color: #ffffff !important;}&#8221;][vc_column width=&#8221;1\/2&#8243;][vc_custom_heading text=&#8221;Crearea de evenimente memorabile, f\u0103c\u00e2nd lucrurile s\u0103 se mi\u0219te&#8221; font_container=&#8221;tag:h1|font_size:40|text_align:center|color:%2306adb3&#8243; google_fonts=&#8221;font_family:Crete%20Round%3Aregular%2Citalic|font_style:400%20regular%3A400%3Anormal&#8221; css=&#8221;.vc_custom_1716884059886{padding-bottom: 30px !important;}&#8221;][vc_column_text animation_loading=&#8221;no&#8221; animation_loading_effects=&#8221;fade_in&#8221; css=&#8221;.vc_custom_1716884186169{margin-top: -20px !important;}&#8221;]MedEvents s-a lansat pe pia\u021ba organiz\u0103rii de evenimente profesionale dup\u0103 o experien\u021b\u0103 solid\u0103 de reprezentare \u00een mediul academic \u0219i ne-am dezvoltat treptat atr\u0103g\u00e2nd profesioni\u0219ti din domeniul organiz\u0103rii de evenimente. [&#8230;]<\/p>\n<p><a class=\"btn btn-default vslmd-read-more-link\" href=\"https:\/\/medevents.ro\/ro\/about-us\/\">Cite\u0219te mai mult<\/a><\/p>\n","protected":false},"author":1,"featured_media":0,"parent":0,"menu_order":0,"comment_status":"closed","ping_status":"open","template":"","meta":{"_bbp_topic_count":0,"_bbp_reply_count":0,"_bbp_total_topic_count":0,"_bbp_total_reply_count":0,"_bbp_voice_count":0,"_bbp_anonymous_reply_count":0,"_bbp_topic_count_hidden":0,"_bbp_reply_count_hidden":0,"_bbp_forum_subforum_count":0,"footnotes":""},"class_list":["post-4508","page","type-page","status-publish","hentry"],"_links":{"self":[{"href":"https:\/\/medevents.ro\/ro\/wp-json\/wp\/v2\/pages\/4508","targetHints":{"allow":["GET"]}}],"collection":[{"href":"https:\/\/medevents.ro\/ro\/wp-json\/wp\/v2\/pages"}],"about":[{"href":"https:\/\/medevents.ro\/ro\/wp-json\/wp\/v2\/types\/page"}],"author":[{"embeddable":true,"href":"https:\/\/medevents.ro\/ro\/wp-json\/wp\/v2\/users\/1"}],"replies":[{"embeddable":true,"href":"https:\/\/medevents.ro\/ro\/wp-json\/wp\/v2\/comments?post=4508"}],"version-history":[{"count":2,"href":"https:\/\/medevents.ro\/ro\/wp-json\/wp\/v2\/pages\/4508\/revisions"}],"predecessor-version":[{"id":6381,"href":"https:\/\/medevents.ro\/ro\/wp-json\/wp\/v2\/pages\/4508\/revisions\/6381"}],"wp:attachment":[{"href":"https:\/\/medevents.ro\/ro\/wp-json\/wp\/v2\/media?parent=4508"}],"curies":[{"name":"wp","href":"https:\/\/api.w.org\/{rel}","templated":true}]}}