{"id":4585,"date":"2017-10-20T11:54:02","date_gmt":"2017-10-20T11:54:02","guid":{"rendered":"http:\/\/medevents.ro\/?page_id=4585"},"modified":"2018-11-14T18:41:56","modified_gmt":"2018-11-14T18:41:56","slug":"services","status":"publish","type":"page","link":"https:\/\/medevents.ro\/ro\/services\/","title":{"rendered":"Servicii"},"content":{"rendered":"<div class=\"wpb-content-wrapper\"><p>[vc_row css=&#8221;.vc_custom_1507381781206{margin-top: 70px !important;}&#8221;][vc_column width=&#8221;1\/2&#8243;][vc_row_inner][vc_column_inner width=&#8221;1\/4&#8243;][vc_single_image image=&#8221;4313&#8243; img_size=&#8221;full&#8221;][\/vc_column_inner][vc_column_inner width=&#8221;3\/4&#8243;][vc_column_text el_class=&#8221;stext&#8221;]<strong>LOGISTIC\u0102 &amp; MANAGEMENT<\/strong>[\/vc_column_text][vc_column_text css=&#8221;.vc_custom_1516459660563{margin-top: -20px !important;}&#8221; el_class=&#8221;stext&#8221;]<\/p>\n<ul>\n<li>Secretariat impecabil: coresponden\u021b\u0103 prompt\u0103, elaborare de con\u021binut (mape, program, catalog, ecusoane), management integrat al resursei umane;<\/li>\n<li>Platforme \u0219i servicii media personalizate: administrarea website eveniment, suport tehnic pe durate conferin\u021belor, servicii foto-video profesioniste;<\/li>\n<li>Consultare permanent\u0103 cu partenerii no\u0219ti astfel \u00eenc\u00e2t dorin\u021bele lor \u0219i strategia noastr\u0103 de implementare s\u0103 fie convergente;<\/li>\n<li>Consultan\u021b\u0103 specializat\u0103 pentru alegerea loca\u021biei \u0219i a firmelor care asigur\u0103 servicii de catering;<\/li>\n<li>Program personalizat pentru invita\u021bii speciali: mediere cultural\u0103, activit\u0103\u021bi recreative.<\/li>\n<\/ul>\n<p>[\/vc_column_text][\/vc_column_inner][\/vc_row_inner][\/vc_column][vc_column width=&#8221;1\/2&#8243;][vc_row_inner][vc_column_inner width=&#8221;1\/4&#8243;][vc_single_image image=&#8221;4314&#8243; img_size=&#8221;full&#8221;][\/vc_column_inner][vc_column_inner width=&#8221;3\/4&#8243;][vc_column_text el_class=&#8221;stext&#8221;]<strong>COMUNICARE &amp; PR<\/strong>[\/vc_column_text][vc_column_text css=&#8221;.vc_custom_1516459725922{margin-top: -20px !important;}&#8221; el_class=&#8221;stext&#8221;]O imagine face c\u00e2t o mie de cuvinte, dar o idee face c\u00e2t o mie de imagini. Prin urmare, de la crearea designului \u0219i editarea cataloagelor de conferin\u021b\u0103, p\u00e2n\u0103 la promovarea media sau organizarea conferin\u021belor de pres\u0103, serviciile noastre sunt complete. Oferim cele mai reu\u0219ite servicii de grafic\u0103 \u0219i web design din \u021bar\u0103. Conceptul nostru e clar: un eveniment nu trebuie doar anun\u021bat \u0219i diseminat, el trebui efectiv <em>creat<\/em>, iar MedEvents se pricepe la asta.[\/vc_column_text][\/vc_column_inner][\/vc_row_inner][\/vc_column][\/vc_row][vc_row css=&#8221;.vc_custom_1507381978683{margin-top: 20px !important;}&#8221;][vc_column width=&#8221;1\/2&#8243;][vc_row_inner][vc_column_inner width=&#8221;1\/4&#8243;][vc_single_image image=&#8221;4724&#8243; img_size=&#8221;full&#8221;][\/vc_column_inner][vc_column_inner width=&#8221;3\/4&#8243;][vc_column_text el_class=&#8221;stext&#8221;]<strong>ACADEMIC<\/strong>[\/vc_column_text][vc_column_text css=&#8221;.vc_custom_1516459786510{margin-top: -20px !important;}&#8221; el_class=&#8221;stext&#8221;]Suntem cunoscu\u021bi \u00een mediul academic, colabor\u0103rile noastre au creat parteneriate stabile cu cadrele medicale, astfel c\u0103 evenimentele create de Medevents nu sunt organizate mimetic. St\u0103p\u00e2nim limbajul de specialitate, cunoa\u0219tem tendin\u021bele majore \u00een cercetarea \u0219i practica medical\u0103, credit\u0103m evenimentul la Colegiul Medicilor din Rom\u00e2nia.[\/vc_column_text][\/vc_column_inner][\/vc_row_inner][\/vc_column][vc_column width=&#8221;1\/2&#8243;][vc_row_inner][vc_column_inner width=&#8221;1\/4&#8243;][vc_single_image image=&#8221;4310&#8243; img_size=&#8221;full&#8221;][\/vc_column_inner][vc_column_inner width=&#8221;3\/4&#8243;][vc_column_text el_class=&#8221;stext&#8221;]<strong>LEGAL \u0218I FINANCIAR <\/strong>[\/vc_column_text][vc_column_text css=&#8221;.vc_custom_1516459809725{margin-top: -20px !important;}&#8221; el_class=&#8221;stext&#8221;]Administr\u0103m eficient bugetul partenerilor no\u0219tri. Lu\u0103m decizii doar \u00een urma consult\u0103rilor cu beneficiarul proiectului. Gestion\u0103m actele juridic-contabile ale evenimentului (facturi, contracte). Identific\u0103m, negociem \u0219i atragem cei mai relevan\u021bi sponsori \u00een domeniu. Suntem pe c\u00e2t de deschi\u0219i, pe at\u00e2t de riguro\u0219i.[\/vc_column_text][\/vc_column_inner][\/vc_row_inner][\/vc_column][\/vc_row][vc_row css=&#8221;.vc_custom_1507381978683{margin-top: 20px !important;}&#8221;][vc_column width=&#8221;1\/2&#8243;][vc_row_inner][vc_column_inner width=&#8221;1\/4&#8243;][vc_single_image image=&#8221;4312&#8243; img_size=&#8221;full&#8221;][\/vc_column_inner][vc_column_inner width=&#8221;3\/4&#8243;][vc_column_text el_class=&#8221;stext&#8221;]<strong>CAZ\u0102RI &amp; TRANSPORT<\/strong>[\/vc_column_text][vc_column_text css=&#8221;.vc_custom_1516713300664{margin-top: -20px !important;}&#8221; el_class=&#8221;stext&#8221;]Ne-am dezvoltat propria companie de turism. <a href=\"http:\/\/medtravel.ro\" target=\"_blank\" rel=\"noopener\">Medtravel <\/a>faciliteaz\u0103 servicii de booking pentru profesioni\u0219tii din domeniul medical, oferind partenerilor s\u0103i oportunitatea de a transfera grijile c\u0103l\u0103toriei unor profesioni\u0219ti. Te vom ajuta s\u0103 ajungi cu bine la destina\u021bie, astfel \u00eenc\u00e2t s\u0103 te po\u021bi bucura cu adev\u0103rat de c\u0103l\u0103toria ta.<\/p>\n<p>Oferim servicii integrate de transport \u0219i cazare pentru fiecare participant la evenimentele organizate de noi. Nu v\u0103 direc\u021bion\u0103m spre alte companii, ci avem resursa uman\u0103 \u0219i re\u021beaua de furnizori prin care v\u0103 asigur\u0103m \u2013 la cele mai optime costuri \u2013 cea mai confortabil\u0103 camer\u0103 de hotel, cel mai flexibil zbor. Doar ne comunica\u021bi bugetul, iar noi g\u0103sim solu\u021bia potrivit\u0103.[\/vc_column_text][\/vc_column_inner][\/vc_row_inner][\/vc_column][vc_column width=&#8221;1\/2&#8243;][vc_row_inner][vc_column_inner width=&#8221;1\/4&#8243;][vc_single_image image=&#8221;4725&#8243; img_size=&#8221;full&#8221;][\/vc_column_inner][vc_column_inner width=&#8221;3\/4&#8243;][vc_column_text el_class=&#8221;stext&#8221;]<strong>FOLLOW-UP<\/strong>[\/vc_column_text][vc_column_text css=&#8221;.vc_custom_1516459910473{margin-top: -20px !important;}&#8221; el_class=&#8221;stext&#8221;]Credem c\u0103 impactul \u0219i calitatea unui eveniment pot fi m\u0103surate. Noi \u0219tim s\u0103 facem o evaluare corect\u0103, un raport obiectiv. El cuprinde trei capitole: unul financiar (modul \u00een care bugetul a fost administrat), unul testimonial (feed-back-ului participan\u021bilor, prin formulare specifice), respectiv unul documentar (albume fotografii, film\u0103ri). Cu Medevents, evenimentele devin o arhiv\u0103 memorabil\u0103, vie.[\/vc_column_text][\/vc_column_inner][\/vc_row_inner][\/vc_column][\/vc_row][vc_row full_width=&#8221;stretch_row_content_no_spaces&#8221; css=&#8221;.vc_custom_1516806120820{margin-top: 30px !important;padding-bottom: 50px !important;background-color: #f1f3db !important;}&#8221;][vc_column][vc_row_inner css=&#8221;.vc_custom_1519151868693{margin-top: 30px !important;}&#8221;][vc_column_inner width=&#8221;1\/6&#8243;][\/vc_column_inner][vc_column_inner width=&#8221;2\/3&#8243;][vc_column_text el_class=&#8221;sp14&#8243;]<\/p>\n<h2 style=\"text-align: center;\">Servicii complete pentru evenimente medicale<\/h2>\n<p style=\"text-align: center;\"><span style=\"color: #969696;\">9+ ani experien\u021b\u0103 \u0219i 150+ de evenimente medicale la activ ne fac echipa potrivit\u0103 pentru a contribui \u00eempreun\u0103 cu tine la reu\u0219ita evenimentului<\/span><\/p>\n<p>[\/vc_column_text][\/vc_column_inner][vc_column_inner width=&#8221;1\/6&#8243;][\/vc_column_inner][\/vc_row_inner][vc_btn title=&#8221;CERE O OFERT\u0102&#8221; style=&#8221;outline&#8221; shape=&#8221;round&#8221; color=&#8221;violet&#8221; align=&#8221;center&#8221; link=&#8221;url:https%3A%2F%2Fmedevents.ro%2Fro%2Fcontact%2F|||&#8221; css=&#8221;.vc_custom_1542220910592{margin-top: 0px !important;}&#8221;][\/vc_column][\/vc_row]<\/p>\n<\/div>","protected":false},"excerpt":{"rendered":"<p>[vc_row css=&#8221;.vc_custom_1507381781206{margin-top: 70px !important;}&#8221;][vc_column width=&#8221;1\/2&#8243;][vc_row_inner][vc_column_inner width=&#8221;1\/4&#8243;][vc_single_image image=&#8221;4313&#8243; img_size=&#8221;full&#8221;][\/vc_column_inner][vc_column_inner width=&#8221;3\/4&#8243;][vc_column_text el_class=&#8221;stext&#8221;]LOGISTIC\u0102 &amp; MANAGEMENT[\/vc_column_text][vc_column_text css=&#8221;.vc_custom_1516459660563{margin-top: -20px !important;}&#8221; el_class=&#8221;stext&#8221;] Secretariat impecabil: coresponden\u021b\u0103 prompt\u0103, elaborare de con\u021binut (mape, program, catalog, ecusoane), management integrat al resursei umane; Platforme \u0219i servicii media personalizate: administrarea website eveniment, suport tehnic pe durate conferin\u021belor, servicii foto-video profesioniste; Consultare permanent\u0103 cu partenerii no\u0219ti astfel \u00eenc\u00e2t [&#8230;]<\/p>\n<p><a class=\"btn btn-default vslmd-read-more-link\" href=\"https:\/\/medevents.ro\/ro\/services\/\">Cite\u0219te mai mult<\/a><\/p>\n","protected":false},"author":1,"featured_media":0,"parent":0,"menu_order":0,"comment_status":"closed","ping_status":"open","template":"","meta":{"_bbp_topic_count":0,"_bbp_reply_count":0,"_bbp_total_topic_count":0,"_bbp_total_reply_count":0,"_bbp_voice_count":0,"_bbp_anonymous_reply_count":0,"_bbp_topic_count_hidden":0,"_bbp_reply_count_hidden":0,"_bbp_forum_subforum_count":0,"footnotes":""},"class_list":["post-4585","page","type-page","status-publish","hentry"],"_links":{"self":[{"href":"https:\/\/medevents.ro\/ro\/wp-json\/wp\/v2\/pages\/4585","targetHints":{"allow":["GET"]}}],"collection":[{"href":"https:\/\/medevents.ro\/ro\/wp-json\/wp\/v2\/pages"}],"about":[{"href":"https:\/\/medevents.ro\/ro\/wp-json\/wp\/v2\/types\/page"}],"author":[{"embeddable":true,"href":"https:\/\/medevents.ro\/ro\/wp-json\/wp\/v2\/users\/1"}],"replies":[{"embeddable":true,"href":"https:\/\/medevents.ro\/ro\/wp-json\/wp\/v2\/comments?post=4585"}],"version-history":[{"count":0,"href":"https:\/\/medevents.ro\/ro\/wp-json\/wp\/v2\/pages\/4585\/revisions"}],"wp:attachment":[{"href":"https:\/\/medevents.ro\/ro\/wp-json\/wp\/v2\/media?parent=4585"}],"curies":[{"name":"wp","href":"https:\/\/api.w.org\/{rel}","templated":true}]}}